{"id":3145,"date":"2024-10-01T14:00:15","date_gmt":"2024-10-01T12:00:15","guid":{"rendered":"https:\/\/spotapartmentsfi-wp27275.test.cchosting.fi\/kalustetut-asunnot\/uncategorized\/spacious-three-room-apartment-in-espoo-uusmaki"},"modified":"2024-12-12T15:04:45","modified_gmt":"2024-12-12T13:04:45","slug":"spacious-three-room-apartment-in-espoo-uusmaki","status":"publish","type":"product","link":"https:\/\/spotapartments.fi\/en\/furnished-apartments\/spacious-three-room-apartment-in-espoo-uusmaki","title":{"rendered":"Spacious Three-Room Apartment in Espoo Uusm\u00e4ki"},"content":{"rendered":"<p>Located in the cozy and pleasant residential area of Uusm\u00e4ki, Espoo, this spacious, comfortable and homely apartment is perfectly suited for long-term use by both families and work groups. The warm and stylish apartment is furnished to accommodate six people and includes a well-equipped kitchen with appliances. The high ceiling creates a sense of space and enhances living comfort. Morning coffee or yoga moments on the balcony, surrounded by the green detached house area of Uusm\u00e4ki, crown the day. The property has a parking space in the courtyard.<\/p>\n<p>From the apartment, you can quickly access pleasant jogging routes through the residential area towards more forested paths. Uusm\u00e4ki is just a few kilometers from Lepp\u00e4vaara center, which is a hub of diverse services and transport connections. The train journey from Helsinki to Lepp\u00e4vaara takes less than fifteen minutes.<\/p>\n","protected":false},"excerpt":{"rendered":"<p>Located in the cozy and pleasant residential area of Uusm\u00e4ki, Espoo, this spacious, comfortable and homely apartment is perfectly suited for long-term use by both families and work groups. The warm and stylish apartment is furnished to accommodate six people and includes a well-equipped kitchen with appliances. The high ceiling creates a sense of space [&hellip;]<\/p>\n","protected":false},"featured_media":2897,"comment_status":"closed","ping_status":"closed","template":"","meta":{"_acf_changed":false},"kaupunki":[152],"taloyhtio":[171,171],"product_brand":[],"product_cat":[178,178],"product_tag":[],"class_list":{"0":"post-3145","1":"product","2":"type-product","3":"status-publish","4":"has-post-thumbnail","6":"kaupunki-espoo","7":"taloyhtio-espoo-uusmaki-en","9":"product_cat-three-room-apartment","12":"first","13":"instock","14":"purchasable","15":"product-type-simple"},"aioseo_notices":[],"acf":[],"_links":{"self":[{"href":"https:\/\/spotapartments.fi\/en\/wp-json\/wp\/v2\/product\/3145","targetHints":{"allow":["GET"]}}],"collection":[{"href":"https:\/\/spotapartments.fi\/en\/wp-json\/wp\/v2\/product"}],"about":[{"href":"https:\/\/spotapartments.fi\/en\/wp-json\/wp\/v2\/types\/product"}],"replies":[{"embeddable":true,"href":"https:\/\/spotapartments.fi\/en\/wp-json\/wp\/v2\/comments?post=3145"}],"wp:featuredmedia":[{"embeddable":true,"href":"https:\/\/spotapartments.fi\/en\/wp-json\/wp\/v2\/media\/2897"}],"wp:attachment":[{"href":"https:\/\/spotapartments.fi\/en\/wp-json\/wp\/v2\/media?parent=3145"}],"wp:term":[{"taxonomy":"kaupunki","embeddable":true,"href":"https:\/\/spotapartments.fi\/en\/wp-json\/wp\/v2\/kaupunki?post=3145"},{"taxonomy":"taloyhtio","embeddable":true,"href":"https:\/\/spotapartments.fi\/en\/wp-json\/wp\/v2\/taloyhtio?post=3145"},{"taxonomy":"product_brand","embeddable":true,"href":"https:\/\/spotapartments.fi\/en\/wp-json\/wp\/v2\/product_brand?post=3145"},{"taxonomy":"product_cat","embeddable":true,"href":"https:\/\/spotapartments.fi\/en\/wp-json\/wp\/v2\/product_cat?post=3145"},{"taxonomy":"product_tag","embeddable":true,"href":"https:\/\/spotapartments.fi\/en\/wp-json\/wp\/v2\/product_tag?post=3145"}],"curies":[{"name":"wp","href":"https:\/\/api.w.org\/{rel}","templated":true}]}}