{"id":3144,"date":"2024-10-01T14:00:15","date_gmt":"2024-10-01T12:00:15","guid":{"rendered":"https:\/\/spotapartmentsfi-wp27275.test.cchosting.fi\/kalustetut-asunnot\/uncategorized\/studio-with-balcony-in-uusmaki-espoo"},"modified":"2024-12-12T14:51:42","modified_gmt":"2024-12-12T12:51:42","slug":"studio-with-balcony-in-uusmaki-espoo","status":"publish","type":"product","link":"https:\/\/spotapartments.fi\/en\/furnished-apartments\/studio-with-balcony-in-uusmaki-espoo","title":{"rendered":"Studio with Balcony in Uusm\u00e4ki, Espoo"},"content":{"rendered":"<p>Located in the cozy and pleasant residential area of Uusm\u00e4ki, Espoo, this compact and homey studio is suitable for vacation stays, business trips, remote work, or as a meeting space for a couple of people. The high ceiling adds to the sense of space, openness, and living comfort. This atmospheric and stylish apartment features a well-equipped kitchenette and a harmonious bathroom. On the balcony, you can enjoy your morning coffee or practice yoga surrounded by Uusm\u00e4ki&#8217;s green residential area. The housing company&#8217;s yard has a parking space for your car. From the apartment, you can access a pleasant jogging and cycling route through the residential area towards a more forested environment. Uusm\u00e4ki is a few kilometers from Lepp\u00e4vaara center, which is a hub of diverse services and transport connections. The train journey from Helsinki to Lepp\u00e4vaara takes less than 15 minutes.<\/p>\n","protected":false},"excerpt":{"rendered":"<p>Located in the cozy and pleasant residential area of Uusm\u00e4ki, Espoo, this compact and homey studio is suitable for vacation stays, business trips, remote work, or as a meeting space for a couple of people. The high ceiling adds to the sense of space, openness, and living comfort. This atmospheric and stylish apartment features a [&hellip;]<\/p>\n","protected":false},"featured_media":2660,"comment_status":"closed","ping_status":"closed","template":"","meta":{"_acf_changed":false},"kaupunki":[152],"taloyhtio":[171,171],"product_brand":[],"product_cat":[158,158],"product_tag":[],"class_list":{"0":"post-3144","1":"product","2":"type-product","3":"status-publish","4":"has-post-thumbnail","6":"kaupunki-espoo","7":"taloyhtio-espoo-uusmaki-en","9":"product_cat-studio-apartment","12":"first","13":"instock","14":"purchasable","15":"product-type-simple"},"aioseo_notices":[],"acf":[],"_links":{"self":[{"href":"https:\/\/spotapartments.fi\/en\/wp-json\/wp\/v2\/product\/3144","targetHints":{"allow":["GET"]}}],"collection":[{"href":"https:\/\/spotapartments.fi\/en\/wp-json\/wp\/v2\/product"}],"about":[{"href":"https:\/\/spotapartments.fi\/en\/wp-json\/wp\/v2\/types\/product"}],"replies":[{"embeddable":true,"href":"https:\/\/spotapartments.fi\/en\/wp-json\/wp\/v2\/comments?post=3144"}],"wp:featuredmedia":[{"embeddable":true,"href":"https:\/\/spotapartments.fi\/en\/wp-json\/wp\/v2\/media\/2660"}],"wp:attachment":[{"href":"https:\/\/spotapartments.fi\/en\/wp-json\/wp\/v2\/media?parent=3144"}],"wp:term":[{"taxonomy":"kaupunki","embeddable":true,"href":"https:\/\/spotapartments.fi\/en\/wp-json\/wp\/v2\/kaupunki?post=3144"},{"taxonomy":"taloyhtio","embeddable":true,"href":"https:\/\/spotapartments.fi\/en\/wp-json\/wp\/v2\/taloyhtio?post=3144"},{"taxonomy":"product_brand","embeddable":true,"href":"https:\/\/spotapartments.fi\/en\/wp-json\/wp\/v2\/product_brand?post=3144"},{"taxonomy":"product_cat","embeddable":true,"href":"https:\/\/spotapartments.fi\/en\/wp-json\/wp\/v2\/product_cat?post=3144"},{"taxonomy":"product_tag","embeddable":true,"href":"https:\/\/spotapartments.fi\/en\/wp-json\/wp\/v2\/product_tag?post=3144"}],"curies":[{"name":"wp","href":"https:\/\/api.w.org\/{rel}","templated":true}]}}