{"id":3126,"date":"2024-10-01T14:25:54","date_gmt":"2024-10-01T12:25:54","guid":{"rendered":"https:\/\/spotapartmentsfi-wp27275.test.cchosting.fi\/kalustetut-asunnot\/uncategorized\/stylish-glass-walled-two-room-apartment-in-hyryla-tuusula"},"modified":"2024-12-12T15:01:53","modified_gmt":"2024-12-12T13:01:53","slug":"stylish-glass-walled-two-room-apartment-in-hyryla-tuusula","status":"publish","type":"product","link":"https:\/\/spotapartments.fi\/en\/furnished-apartments\/stylish-glass-walled-two-room-apartment-in-hyryla-tuusula","title":{"rendered":"Stylish Glass-Walled Two-Room Apartment in Hyryl\u00e4, Tuusula"},"content":{"rendered":"<p>This modern two-room apartment offers a cozy, harmonious, and peaceful atmosphere! Located in the Rykmentinpuisto area of Hyryl\u00e4, the former Olympic Barracks houses comfortable apartments for various needs. These homey apartments are perfect for longer-term use, suitable for both families and work groups. The building features a spacious common lobby area with access to apartments on two floors. This stylish apartment is furnished for three people and includes a separate sleeping area with a glass wall and a well-equipped kitchen with appliances. The apartments offer plenty of storage space. Car parking is available in the building&#8217;s courtyard.<\/p>\n<p>Hyryl\u00e4 is situated along excellent transport connections, near Tuusulanv\u00e4yl\u00e4 and approximately 15 minutes from Helsinki-Vantaa Airport. Hyryl\u00e4&#8217;s diverse services are found in the immediate vicinity of the apartment, as are sports facilities. An outdoor gym, sports park, and disc golf course are located right next to the apartment.<\/p>\n","protected":false},"excerpt":{"rendered":"<p>This modern two-room apartment offers a cozy, harmonious, and peaceful atmosphere! Located in the Rykmentinpuisto area of Hyryl\u00e4, the former Olympic Barracks houses comfortable apartments for various needs. These homey apartments are perfect for longer-term use, suitable for both families and work groups. The building features a spacious common lobby area with access to apartments [&hellip;]<\/p>\n","protected":false},"featured_media":2710,"comment_status":"closed","ping_status":"closed","template":"","meta":{"_acf_changed":false},"kaupunki":[153],"taloyhtio":[154,154],"product_brand":[],"product_cat":[146,146],"product_tag":[],"class_list":{"0":"post-3126","1":"product","2":"type-product","3":"status-publish","4":"has-post-thumbnail","6":"kaupunki-tuusula","7":"taloyhtio-tuusula-hyryla-en","9":"product_cat-one-bedroom","12":"first","13":"instock","14":"purchasable","15":"product-type-simple"},"aioseo_notices":[],"acf":[],"_links":{"self":[{"href":"https:\/\/spotapartments.fi\/en\/wp-json\/wp\/v2\/product\/3126","targetHints":{"allow":["GET"]}}],"collection":[{"href":"https:\/\/spotapartments.fi\/en\/wp-json\/wp\/v2\/product"}],"about":[{"href":"https:\/\/spotapartments.fi\/en\/wp-json\/wp\/v2\/types\/product"}],"replies":[{"embeddable":true,"href":"https:\/\/spotapartments.fi\/en\/wp-json\/wp\/v2\/comments?post=3126"}],"wp:featuredmedia":[{"embeddable":true,"href":"https:\/\/spotapartments.fi\/en\/wp-json\/wp\/v2\/media\/2710"}],"wp:attachment":[{"href":"https:\/\/spotapartments.fi\/en\/wp-json\/wp\/v2\/media?parent=3126"}],"wp:term":[{"taxonomy":"kaupunki","embeddable":true,"href":"https:\/\/spotapartments.fi\/en\/wp-json\/wp\/v2\/kaupunki?post=3126"},{"taxonomy":"taloyhtio","embeddable":true,"href":"https:\/\/spotapartments.fi\/en\/wp-json\/wp\/v2\/taloyhtio?post=3126"},{"taxonomy":"product_brand","embeddable":true,"href":"https:\/\/spotapartments.fi\/en\/wp-json\/wp\/v2\/product_brand?post=3126"},{"taxonomy":"product_cat","embeddable":true,"href":"https:\/\/spotapartments.fi\/en\/wp-json\/wp\/v2\/product_cat?post=3126"},{"taxonomy":"product_tag","embeddable":true,"href":"https:\/\/spotapartments.fi\/en\/wp-json\/wp\/v2\/product_tag?post=3126"}],"curies":[{"name":"wp","href":"https:\/\/api.w.org\/{rel}","templated":true}]}}