{"id":3118,"date":"2024-10-01T14:25:54","date_gmt":"2024-10-01T12:25:54","guid":{"rendered":"https:\/\/spotapartmentsfi-wp27275.test.cchosting.fi\/kalustetut-asunnot\/uncategorized\/cozy-two-room-apartment-in-hoyhtya-oulu"},"modified":"2024-12-12T13:45:39","modified_gmt":"2024-12-12T11:45:39","slug":"cozy-two-room-apartment-in-hoyhtya-oulu","status":"publish","type":"product","link":"https:\/\/spotapartments.fi\/en\/furnished-apartments\/cozy-two-room-apartment-in-hoyhtya-oulu","title":{"rendered":"Cozy Two-Room Apartment in H\u00f6yhty\u00e4, Oulu"},"content":{"rendered":"<p>The two-room apartments located in the H\u00f6yhty\u00e4 area of Oulu are a perfect combination of space, comfort, and homey living. These apartments offer residents more than just a place to stay; they provide a home where every detail has been designed with residents&#8217; comfort in mind. Each two-room apartment features a modern kitchen equipped with all necessary appliances and utensils. Additionally, the apartments have high-speed Wi-Fi and a washing machine, making everyday life effortless.<\/p>\n","protected":false},"excerpt":{"rendered":"<p>The two-room apartments located in the H\u00f6yhty\u00e4 area of Oulu are a perfect combination of space, comfort, and homey living. These apartments offer residents more than just a place to stay; they provide a home where every detail has been designed with residents&#8217; comfort in mind. Each two-room apartment features a modern kitchen equipped with [&hellip;]<\/p>\n","protected":false},"featured_media":2720,"comment_status":"closed","ping_status":"closed","template":"","meta":{"_acf_changed":false},"kaupunki":[161],"taloyhtio":[162,162],"product_brand":[],"product_cat":[146,146],"product_tag":[],"class_list":{"0":"post-3118","1":"product","2":"type-product","3":"status-publish","4":"has-post-thumbnail","6":"kaupunki-oulu","7":"taloyhtio-oulu-hoyhtya-en","9":"product_cat-one-bedroom","12":"first","13":"instock","14":"purchasable","15":"product-type-simple"},"aioseo_notices":[],"acf":[],"_links":{"self":[{"href":"https:\/\/spotapartments.fi\/en\/wp-json\/wp\/v2\/product\/3118","targetHints":{"allow":["GET"]}}],"collection":[{"href":"https:\/\/spotapartments.fi\/en\/wp-json\/wp\/v2\/product"}],"about":[{"href":"https:\/\/spotapartments.fi\/en\/wp-json\/wp\/v2\/types\/product"}],"replies":[{"embeddable":true,"href":"https:\/\/spotapartments.fi\/en\/wp-json\/wp\/v2\/comments?post=3118"}],"wp:featuredmedia":[{"embeddable":true,"href":"https:\/\/spotapartments.fi\/en\/wp-json\/wp\/v2\/media\/2720"}],"wp:attachment":[{"href":"https:\/\/spotapartments.fi\/en\/wp-json\/wp\/v2\/media?parent=3118"}],"wp:term":[{"taxonomy":"kaupunki","embeddable":true,"href":"https:\/\/spotapartments.fi\/en\/wp-json\/wp\/v2\/kaupunki?post=3118"},{"taxonomy":"taloyhtio","embeddable":true,"href":"https:\/\/spotapartments.fi\/en\/wp-json\/wp\/v2\/taloyhtio?post=3118"},{"taxonomy":"product_brand","embeddable":true,"href":"https:\/\/spotapartments.fi\/en\/wp-json\/wp\/v2\/product_brand?post=3118"},{"taxonomy":"product_cat","embeddable":true,"href":"https:\/\/spotapartments.fi\/en\/wp-json\/wp\/v2\/product_cat?post=3118"},{"taxonomy":"product_tag","embeddable":true,"href":"https:\/\/spotapartments.fi\/en\/wp-json\/wp\/v2\/product_tag?post=3118"}],"curies":[{"name":"wp","href":"https:\/\/api.w.org\/{rel}","templated":true}]}}