{"id":3116,"date":"2024-10-01T14:30:25","date_gmt":"2024-10-01T12:30:25","guid":{"rendered":"https:\/\/spotapartmentsfi-wp27275.test.cchosting.fi\/kalustetut-asunnot\/uncategorized\/modern-studio-apartment-in-hyryla-tuusula"},"modified":"2024-12-12T13:44:38","modified_gmt":"2024-12-12T11:44:38","slug":"modern-studio-apartment-in-hyryla-tuusula","status":"publish","type":"product","link":"https:\/\/spotapartments.fi\/en\/furnished-apartments\/modern-studio-apartment-in-hyryla-tuusula","title":{"rendered":"Modern studio apartment in Hyryl\u00e4, Tuusula"},"content":{"rendered":"<p>This modern studio apartment has a comfortable, harmonious and peaceful atmosphere! Located in Tuusula, Hyryl\u00e4 in the Rykmentinpuisto area, the former Olympiakasarmi has comfortable apartments for all kinds of needs. The cosy apartments are perfectly suited for longer-term use for families and work groups alike. The building has a spacious common lobby with access to the apartments on two floors. Studio apartment is furnished for two people and includes a bathroom and a well-equipped kitchen. The apartments have ample storage space. You can park your car in the building&#8217;s courtyard. Hyryl\u00e4 is located near Tuusulanv\u00e4yl\u00e4 and about 15 minutes from Helsinki-Vantaa airport. Hyryl\u00e4 has a wide range of services in the immediate vicinity of the apartment, as well as sports facilities. An outdoor gym, a sports park and a frisbee golf course are located right next to the apartment.<\/p>\n","protected":false},"excerpt":{"rendered":"<p>This modern studio apartment has a comfortable, harmonious and peaceful atmosphere! Located in Tuusula, Hyryl\u00e4 in the Rykmentinpuisto area, the former Olympiakasarmi has comfortable apartments for all kinds of needs. The cosy apartments are perfectly suited for longer-term use for families and work groups alike. The building has a spacious common lobby with access to [&hellip;]<\/p>\n","protected":false},"featured_media":2791,"comment_status":"closed","ping_status":"closed","template":"","meta":{"_acf_changed":false},"kaupunki":[153],"taloyhtio":[154,154],"product_brand":[],"product_cat":[158,158],"product_tag":[],"class_list":{"0":"post-3116","1":"product","2":"type-product","3":"status-publish","4":"has-post-thumbnail","6":"kaupunki-tuusula","7":"taloyhtio-tuusula-hyryla-en","9":"product_cat-studio-apartment","12":"first","13":"instock","14":"purchasable","15":"product-type-simple"},"aioseo_notices":[],"acf":[],"_links":{"self":[{"href":"https:\/\/spotapartments.fi\/en\/wp-json\/wp\/v2\/product\/3116","targetHints":{"allow":["GET"]}}],"collection":[{"href":"https:\/\/spotapartments.fi\/en\/wp-json\/wp\/v2\/product"}],"about":[{"href":"https:\/\/spotapartments.fi\/en\/wp-json\/wp\/v2\/types\/product"}],"replies":[{"embeddable":true,"href":"https:\/\/spotapartments.fi\/en\/wp-json\/wp\/v2\/comments?post=3116"}],"wp:featuredmedia":[{"embeddable":true,"href":"https:\/\/spotapartments.fi\/en\/wp-json\/wp\/v2\/media\/2791"}],"wp:attachment":[{"href":"https:\/\/spotapartments.fi\/en\/wp-json\/wp\/v2\/media?parent=3116"}],"wp:term":[{"taxonomy":"kaupunki","embeddable":true,"href":"https:\/\/spotapartments.fi\/en\/wp-json\/wp\/v2\/kaupunki?post=3116"},{"taxonomy":"taloyhtio","embeddable":true,"href":"https:\/\/spotapartments.fi\/en\/wp-json\/wp\/v2\/taloyhtio?post=3116"},{"taxonomy":"product_brand","embeddable":true,"href":"https:\/\/spotapartments.fi\/en\/wp-json\/wp\/v2\/product_brand?post=3116"},{"taxonomy":"product_cat","embeddable":true,"href":"https:\/\/spotapartments.fi\/en\/wp-json\/wp\/v2\/product_cat?post=3116"},{"taxonomy":"product_tag","embeddable":true,"href":"https:\/\/spotapartments.fi\/en\/wp-json\/wp\/v2\/product_tag?post=3116"}],"curies":[{"name":"wp","href":"https:\/\/api.w.org\/{rel}","templated":true}]}}