{"id":3091,"date":"2024-10-01T14:30:25","date_gmt":"2024-10-01T12:30:25","guid":{"rendered":"https:\/\/spotapartmentsfi-wp27275.test.cchosting.fi\/kalustetut-asunnot\/uncategorized\/modern-two-room-apartment-in-hyryla-tuusula"},"modified":"2024-12-12T13:44:45","modified_gmt":"2024-12-12T11:44:45","slug":"modern-two-room-apartment-in-hyryla-tuusula","status":"publish","type":"product","link":"https:\/\/spotapartments.fi\/en\/furnished-apartments\/modern-two-room-apartment-in-hyryla-tuusula","title":{"rendered":"Modern Two-Room Apartment in Hyryl\u00e4, Tuusula"},"content":{"rendered":"<p>This modern two-room apartment offers a cozy, harmonious, and peaceful atmosphere! Located in the Rykmentinpuisto area of Hyryl\u00e4, the former Olympic Barracks houses comfortable apartments for various needs. The homey units are perfect for longer stays, suitable for both families and work groups. The building features a spacious common lobby area with access to apartments on two floors. The stylish two-room apartment is furnished for 2-4 people and includes a bedroom, bathroom, and a well-equipped kitchen with appliances. The apartments offer plenty of storage space. Car parking is available in the housing complex yard. Hyryl\u00e4 is located along excellent transport connections, near Tuusulanv\u00e4yl\u00e4 and about 15 minutes from Helsinki-Vantaa Airport. Hyryl\u00e4&#8217;s diverse services are found in the immediate vicinity of the apartment, as well as sports facilities. An outdoor gym, sports park, and disc golf course are right next to the apartment.<\/p>\n","protected":false},"excerpt":{"rendered":"<p>This modern two-room apartment offers a cozy, harmonious, and peaceful atmosphere! Located in the Rykmentinpuisto area of Hyryl\u00e4, the former Olympic Barracks houses comfortable apartments for various needs. The homey units are perfect for longer stays, suitable for both families and work groups. The building features a spacious common lobby area with access to apartments [&hellip;]<\/p>\n","protected":false},"featured_media":2813,"comment_status":"closed","ping_status":"closed","template":"","meta":{"_acf_changed":false},"kaupunki":[153],"taloyhtio":[154,154],"product_brand":[],"product_cat":[146,146],"product_tag":[],"class_list":{"0":"post-3091","1":"product","2":"type-product","3":"status-publish","4":"has-post-thumbnail","6":"kaupunki-tuusula","7":"taloyhtio-tuusula-hyryla-en","9":"product_cat-one-bedroom","12":"first","13":"instock","14":"purchasable","15":"product-type-simple"},"aioseo_notices":[],"acf":[],"_links":{"self":[{"href":"https:\/\/spotapartments.fi\/en\/wp-json\/wp\/v2\/product\/3091","targetHints":{"allow":["GET"]}}],"collection":[{"href":"https:\/\/spotapartments.fi\/en\/wp-json\/wp\/v2\/product"}],"about":[{"href":"https:\/\/spotapartments.fi\/en\/wp-json\/wp\/v2\/types\/product"}],"replies":[{"embeddable":true,"href":"https:\/\/spotapartments.fi\/en\/wp-json\/wp\/v2\/comments?post=3091"}],"wp:featuredmedia":[{"embeddable":true,"href":"https:\/\/spotapartments.fi\/en\/wp-json\/wp\/v2\/media\/2813"}],"wp:attachment":[{"href":"https:\/\/spotapartments.fi\/en\/wp-json\/wp\/v2\/media?parent=3091"}],"wp:term":[{"taxonomy":"kaupunki","embeddable":true,"href":"https:\/\/spotapartments.fi\/en\/wp-json\/wp\/v2\/kaupunki?post=3091"},{"taxonomy":"taloyhtio","embeddable":true,"href":"https:\/\/spotapartments.fi\/en\/wp-json\/wp\/v2\/taloyhtio?post=3091"},{"taxonomy":"product_brand","embeddable":true,"href":"https:\/\/spotapartments.fi\/en\/wp-json\/wp\/v2\/product_brand?post=3091"},{"taxonomy":"product_cat","embeddable":true,"href":"https:\/\/spotapartments.fi\/en\/wp-json\/wp\/v2\/product_cat?post=3091"},{"taxonomy":"product_tag","embeddable":true,"href":"https:\/\/spotapartments.fi\/en\/wp-json\/wp\/v2\/product_tag?post=3091"}],"curies":[{"name":"wp","href":"https:\/\/api.w.org\/{rel}","templated":true}]}}